{"id":817,"date":"2018-12-20T20:50:05","date_gmt":"2018-12-20T19:50:05","guid":{"rendered":"https:\/\/europakonferenz.eu\/?page_id=817"},"modified":"2023-07-06T15:59:48","modified_gmt":"2023-07-06T13:59:48","slug":"unsere-partner","status":"publish","type":"page","link":"https:\/\/europakonferenz.eu\/previous\/unsere-partner\/","title":{"rendered":"Unsere Partner"},"content":{"rendered":"\t\t<div data-elementor-type=\"wp-post\" data-elementor-id=\"817\" class=\"elementor elementor-817\" data-elementor-post-type=\"page\">\n\t\t\t\t\t\t<div class=\"elementor-inner\">\n\t\t\t\t<div class=\"elementor-section-wrap\">\n\t\t\t\t\t\t\t\t\t<section class=\"elementor-section elementor-top-section elementor-element elementor-element-d2cfac9 elementor-section-boxed elementor-section-height-default elementor-section-height-default\" data-id=\"d2cfac9\" data-element_type=\"section\">\n\t\t\t\t\t\t<div class=\"elementor-container elementor-column-gap-default\">\n\t\t\t\t\t\t\t<div class=\"elementor-row\">\n\t\t\t\t\t<div class=\"elementor-column elementor-col-100 elementor-top-column elementor-element elementor-element-e68ea8c\" data-id=\"e68ea8c\" data-element_type=\"column\">\n\t\t\t<div class=\"elementor-column-wrap elementor-element-populated\">\n\t\t\t\t\t\t\t<div class=\"elementor-widget-wrap\">\n\t\t\t\t\t\t<div class=\"elementor-element elementor-element-a6840b0 elementor-widget elementor-widget-text-editor\" data-id=\"a6840b0\" data-element_type=\"widget\" data-widget_type=\"text-editor.default\">\n\t\t\t\t<div class=\"elementor-widget-container\">\n\t\t\t\t\t\t\t\t<div class=\"elementor-text-editor elementor-clearfix\">\n\t\t\t\t<div>\n<p>Zur Finanzierung der Vereinsaktivit\u00e4ten ist der gemeinn\u00fctzige Verein M\u00fcnchner Europa Konferenz e.V. auf Ihre Unterst\u00fctzung angewiesen.<\/p>\n<p>Wir freuen uns, wenn Sie unsere Aktivit\u00e4ten unterst\u00fctzen:<\/p>\n<p style=\"padding-left: 30px;\">M\u00fcnchner Europa Konferenz e.V.<br>Bankverbindung: HypoVereinsbank M\u00fcnchen<br>IBAN: DE03 7002 0270 0020 0428 09<br>BIC: HYVEDEMMXXX<\/p>\n<p>F\u00fcr weitere Informationen wenden Sie sich bitte an unsere Gesch\u00e4ftsstelle:<\/p>\n<p>info@europakonferenz.eu<br><br><\/p>\n<p>Wir danken unseren F\u00f6rderern sehr herzlich:<\/p>\n<\/div>\t\t\t\t\t<\/div>\n\t\t\t\t\t\t<\/div>\n\t\t\t\t<\/div>\n\t\t\t\t<div class=\"elementor-element elementor-element-f660360 elementor-widget elementor-widget-image\" data-id=\"f660360\" data-element_type=\"widget\" data-widget_type=\"image.default\">\n\t\t\t\t<div class=\"elementor-widget-container\">\n\t\t\t\t\t\t\t\t<div class=\"elementor-image\">\n\t\t\t\t\t\t\t\t\t\t\t\t<img loading=\"lazy\" decoding=\"async\" width=\"525\" height=\"595\" src=\"https:\/\/europakonferenz.eu\/previous\/wp-content\/uploads\/2023\/01\/2023-01-16-alle-Sponsorenlogos-2023-1-903x1024.jpg\" class=\"attachment-large size-large wp-image-1930\" alt=\"\" srcset=\"https:\/\/europakonferenz.eu\/previous\/wp-content\/uploads\/2023\/01\/2023-01-16-alle-Sponsorenlogos-2023-1-903x1024.jpg 903w, https:\/\/europakonferenz.eu\/previous\/wp-content\/uploads\/2023\/01\/2023-01-16-alle-Sponsorenlogos-2023-1-221x250.jpg 221w, https:\/\/europakonferenz.eu\/previous\/wp-content\/uploads\/2023\/01\/2023-01-16-alle-Sponsorenlogos-2023-1-768x871.jpg 768w, https:\/\/europakonferenz.eu\/previous\/wp-content\/uploads\/2023\/01\/2023-01-16-alle-Sponsorenlogos-2023-1.jpg 1153w\" sizes=\"auto, 100vw\" \/>\t\t\t\t\t\t\t\t\t\t\t\t\t\t<\/div>\n\t\t\t\t\t\t<\/div>\n\t\t\t\t<\/div>\n\t\t\t\t\t\t<\/div>\n\t\t\t\t\t<\/div>\n\t\t<\/div>\n\t\t\t\t\t\t\t\t<\/div>\n\t\t\t\t\t<\/div>\n\t\t<\/section>\n\t\t\t\t\t\t\t\t\t<\/div>\n\t\t\t<\/div>\n\t\t\t\t\t<\/div>\n\t\t","protected":false},"excerpt":{"rendered":"<p>Zur Finanzierung der Vereinsaktivit\u00e4ten ist der gemeinn\u00fctzige Verein M\u00fcnchner Europa Konferenz e.V. auf Ihre Unterst\u00fctzung angewiesen. Wir freuen uns, wenn Sie unsere Aktivit\u00e4ten unterst\u00fctzen: M\u00fcnchner Europa Konferenz e.V.Bankverbindung: HypoVereinsbank M\u00fcnchenIBAN: DE03 7002 0270 0020 0428 09BIC: HYVEDEMMXXX F\u00fcr weitere Informationen wenden Sie sich bitte an unsere Gesch\u00e4ftsstelle: info@europakonferenz.eu Wir danken unseren F\u00f6rderern sehr herzlich:<\/p>\n","protected":false},"author":1,"featured_media":0,"parent":0,"menu_order":0,"comment_status":"closed","ping_status":"closed","template":"","meta":{"inline_featured_image":false,"footnotes":""},"class_list":["post-817","page","type-page","status-publish","hentry"],"_links":{"self":[{"href":"https:\/\/europakonferenz.eu\/previous\/wp-json\/wp\/v2\/pages\/817","targetHints":{"allow":["GET"]}}],"collection":[{"href":"https:\/\/europakonferenz.eu\/previous\/wp-json\/wp\/v2\/pages"}],"about":[{"href":"https:\/\/europakonferenz.eu\/previous\/wp-json\/wp\/v2\/types\/page"}],"author":[{"embeddable":true,"href":"https:\/\/europakonferenz.eu\/previous\/wp-json\/wp\/v2\/users\/1"}],"replies":[{"embeddable":true,"href":"https:\/\/europakonferenz.eu\/previous\/wp-json\/wp\/v2\/comments?post=817"}],"version-history":[{"count":22,"href":"https:\/\/europakonferenz.eu\/previous\/wp-json\/wp\/v2\/pages\/817\/revisions"}],"predecessor-version":[{"id":1990,"href":"https:\/\/europakonferenz.eu\/previous\/wp-json\/wp\/v2\/pages\/817\/revisions\/1990"}],"wp:attachment":[{"href":"https:\/\/europakonferenz.eu\/previous\/wp-json\/wp\/v2\/media?parent=817"}],"curies":[{"name":"wp","href":"https:\/\/api.w.org\/{rel}","templated":true}]}}