{"id":51,"date":"2018-12-03T00:27:48","date_gmt":"2018-12-02T23:27:48","guid":{"rendered":"https:\/\/europakonferenz.eu\/?page_id=51"},"modified":"2020-01-09T13:24:26","modified_gmt":"2020-01-09T12:24:26","slug":"weitere-veranstaltungen","status":"publish","type":"page","link":"https:\/\/europakonferenz.eu\/previous\/weitere-veranstaltungen\/","title":{"rendered":"Weitere Veranstaltungen"},"content":{"rendered":"\t\t<div data-elementor-type=\"wp-post\" data-elementor-id=\"51\" class=\"elementor elementor-51\" data-elementor-post-type=\"page\">\n\t\t\t\t\t\t<div class=\"elementor-inner\">\n\t\t\t\t<div class=\"elementor-section-wrap\">\n\t\t\t\t\t\t\t\t\t<section class=\"elementor-section elementor-top-section elementor-element elementor-element-a537c53 elementor-section-boxed elementor-section-height-default elementor-section-height-default\" data-id=\"a537c53\" data-element_type=\"section\">\n\t\t\t\t\t\t<div class=\"elementor-container elementor-column-gap-default\">\n\t\t\t\t\t\t\t<div class=\"elementor-row\">\n\t\t\t\t\t<div class=\"elementor-column elementor-col-100 elementor-top-column elementor-element elementor-element-e9c03b8\" data-id=\"e9c03b8\" data-element_type=\"column\">\n\t\t\t<div class=\"elementor-column-wrap elementor-element-populated\">\n\t\t\t\t\t\t\t<div class=\"elementor-widget-wrap\">\n\t\t\t\t\t\t<div class=\"elementor-element elementor-element-e8388ab elementor-widget elementor-widget-image\" data-id=\"e8388ab\" data-element_type=\"widget\" data-widget_type=\"image.default\">\n\t\t\t\t<div class=\"elementor-widget-container\">\n\t\t\t\t\t\t\t\t<div class=\"elementor-image\">\n\t\t\t\t\t\t\t\t\t\t\t\t<img loading=\"lazy\" decoding=\"async\" width=\"2560\" height=\"1707\" src=\"https:\/\/europakonferenz.eu\/previous\/wp-content\/uploads\/2020\/01\/IMG_9344-Kopie-scaled.jpg\" class=\"attachment-full size-full wp-image-1509\" alt=\"\" srcset=\"https:\/\/europakonferenz.eu\/previous\/wp-content\/uploads\/2020\/01\/IMG_9344-Kopie-scaled.jpg 2560w, https:\/\/europakonferenz.eu\/previous\/wp-content\/uploads\/2020\/01\/IMG_9344-Kopie-250x167.jpg 250w, https:\/\/europakonferenz.eu\/previous\/wp-content\/uploads\/2020\/01\/IMG_9344-Kopie-1024x683.jpg 1024w, https:\/\/europakonferenz.eu\/previous\/wp-content\/uploads\/2020\/01\/IMG_9344-Kopie-768x512.jpg 768w, https:\/\/europakonferenz.eu\/previous\/wp-content\/uploads\/2020\/01\/IMG_9344-Kopie-1536x1024.jpg 1536w, https:\/\/europakonferenz.eu\/previous\/wp-content\/uploads\/2020\/01\/IMG_9344-Kopie-2048x1365.jpg 2048w\" sizes=\"auto, 100vw\" \/>\t\t\t\t\t\t\t\t\t\t\t\t\t\t<\/div>\n\t\t\t\t\t\t<\/div>\n\t\t\t\t<\/div>\n\t\t\t\t\t\t<\/div>\n\t\t\t\t\t<\/div>\n\t\t<\/div>\n\t\t\t\t\t\t\t\t<\/div>\n\t\t\t\t\t<\/div>\n\t\t<\/section>\n\t\t\t\t<section class=\"elementor-section elementor-top-section elementor-element elementor-element-77fea2a8 elementor-section-boxed elementor-section-height-default elementor-section-height-default\" data-id=\"77fea2a8\" data-element_type=\"section\">\n\t\t\t\t\t\t<div class=\"elementor-container elementor-column-gap-default\">\n\t\t\t\t\t\t\t<div class=\"elementor-row\">\n\t\t\t\t\t<div class=\"elementor-column elementor-col-100 elementor-top-column elementor-element elementor-element-22029d29\" data-id=\"22029d29\" data-element_type=\"column\">\n\t\t\t<div class=\"elementor-column-wrap elementor-element-populated\">\n\t\t\t\t\t\t\t<div class=\"elementor-widget-wrap\">\n\t\t\t\t\t\t<div class=\"elementor-element elementor-element-2b3c1a03 elementor-widget elementor-widget-text-editor\" data-id=\"2b3c1a03\" data-element_type=\"widget\" data-widget_type=\"text-editor.default\">\n\t\t\t\t<div class=\"elementor-widget-container\">\n\t\t\t\t\t\t\t\t<div class=\"elementor-text-editor elementor-clearfix\">\n\t\t\t\t<h2>Spitzenkandidaten <br \/>f\u00fcr die Europawahl 2019<\/h2><p><strong>am 2. April 2019, IHK-Akademie M\u00fcnchen<\/strong><\/p><p style=\"text-align: right;\"><span style=\"text-decoration: underline;\"><a href=\"https:\/\/europakonferenz.eu\/mediathek\/\">zur Mediathek<\/a><\/span><\/p><p><strong>Podiumsdiskussion<\/strong><\/p><p>Kurz vor der Europawahl 2019, die in Deutschland am 26. Mai 2019 stattfand, pr\u00e4sentierten sich Spitzenkandidaten der pro-europ\u00e4ischen Parteien bei einer moderierten Podiumsdiskussion der M\u00fcnchner Europa Konferenz e.V.:<\/p><ul><li style=\"list-style-type: none;\"><ul style=\"margin-top: 0cm;\" type=\"disc\"><li style=\"color: black; mso-list: l0 level1 lfo1; tab-stops: list 36.0pt;\"><b><span style=\"font-size: 11.0pt; font-family: 'Arial',sans-serif; mso-fareast-font-family: 'Times New Roman';\">Nicola Beer,<\/span><\/b><span style=\"font-size: 11.0pt; font-family: 'Arial',sans-serif; mso-fareast-font-family: 'Times New Roman';\"> MdB, Staatsministerin a.D., Generalsekret\u00e4rin der Freien Demokraten<\/span><\/li><li style=\"color: black; mso-list: l0 level1 lfo1; tab-stops: list 36.0pt;\"><b><span style=\"font-size: 11.0pt; font-family: 'Arial',sans-serif; mso-fareast-font-family: 'Times New Roman';\">Kerstin Westphal,<\/span><\/b><span style=\"font-size: 11.0pt; font-family: 'Arial',sans-serif; mso-fareast-font-family: 'Times New Roman';\"><span style=\"font-size: 11.0pt; font-family: 'Arial',sans-serif; mso-fareast-font-family: 'Times New Roman';\"> MdEP, Kandidatin der S<\/span><\/span><span style=\"font-size: 11.0pt; font-family: 'Arial',sans-serif; mso-fareast-font-family: 'Times New Roman';\">&amp;D Fraktion f\u00fcr das Europ\u00e4ische Parlament<\/span><\/li><li style=\"color: black; mso-list: l0 level1 lfo1; tab-stops: list 36.0pt;\"><b><span style=\"font-size: 11.0pt; font-family: 'Arial',sans-serif; mso-fareast-font-family: 'Times New Roman';\">Ska Keller,<\/span><\/b><span style=\"font-size: 11.0pt; font-family: 'Arial',sans-serif; mso-fareast-font-family: 'Times New Roman';\"> MdEP, Fraktionsvorsitzende der Gr\u00fcnen \/ EFA im Europ\u00e4ischen Parlament<\/span><\/li><li style=\"color: black; mso-list: l0 level1 lfo1; tab-stops: list 36.0pt;\"><b><span style=\"font-size: 11.0pt; font-family: 'Arial',sans-serif; mso-fareast-font-family: 'Times New Roman';\">Manfred Weber,<\/span><\/b><span style=\"font-size: 11.0pt; font-family: 'Arial',sans-serif; mso-fareast-font-family: 'Times New Roman';\"> MdEP, Fraktionsvorsitzender der EVP im Europ\u00e4ischen Parlament<\/span><\/li><\/ul><\/li><\/ul><p>In der interessanten Diskussion, bei der auch das Publikum eingebunden wurde, herrschte erstaunlich viel Einigkeit zwischen den Abgeordneten.<\/p><p><a href=\"https:\/\/www.br.de\/nachrichten\/bayern\/muenchner-europakonferenz-diskutiert-eu-zukunft,RMVoYuz\">Eindr\u00fccke aus der Berichterstattung finden Sie u.a. <span style=\"text-decoration: underline;\">hier<\/span>.<\/a><\/p>\t\t\t\t\t<\/div>\n\t\t\t\t\t\t<\/div>\n\t\t\t\t<\/div>\n\t\t\t\t\t\t<\/div>\n\t\t\t\t\t<\/div>\n\t\t<\/div>\n\t\t\t\t\t\t\t\t<\/div>\n\t\t\t\t\t<\/div>\n\t\t<\/section>\n\t\t\t\t<section class=\"elementor-section elementor-top-section elementor-element elementor-element-b6f4f3e elementor-section-boxed elementor-section-height-default elementor-section-height-default\" data-id=\"b6f4f3e\" data-element_type=\"section\">\n\t\t\t\t\t\t<div class=\"elementor-container elementor-column-gap-default\">\n\t\t\t\t\t\t\t<div class=\"elementor-row\">\n\t\t\t\t\t<div class=\"elementor-column elementor-col-100 elementor-top-column elementor-element elementor-element-9ffb175\" data-id=\"9ffb175\" data-element_type=\"column\">\n\t\t\t<div class=\"elementor-column-wrap elementor-element-populated\">\n\t\t\t\t\t\t\t<div class=\"elementor-widget-wrap\">\n\t\t\t\t\t\t<div class=\"elementor-element elementor-element-b5b7154 elementor-widget elementor-widget-image\" data-id=\"b5b7154\" data-element_type=\"widget\" data-widget_type=\"image.default\">\n\t\t\t\t<div class=\"elementor-widget-container\">\n\t\t\t\t\t\t\t\t<div class=\"elementor-image\">\n\t\t\t\t\t\t\t\t\t\t\t\t<img loading=\"lazy\" decoding=\"async\" width=\"2000\" height=\"990\" src=\"https:\/\/europakonferenz.eu\/previous\/wp-content\/uploads\/2018\/12\/veranstal_vortraege_img_01_Photo_Radeck_1.jpg\" class=\"attachment-full size-full wp-image-86\" alt=\"\" srcset=\"https:\/\/europakonferenz.eu\/previous\/wp-content\/uploads\/2018\/12\/veranstal_vortraege_img_01_Photo_Radeck_1.jpg 2000w, https:\/\/europakonferenz.eu\/previous\/wp-content\/uploads\/2018\/12\/veranstal_vortraege_img_01_Photo_Radeck_1-250x124.jpg 250w, https:\/\/europakonferenz.eu\/previous\/wp-content\/uploads\/2018\/12\/veranstal_vortraege_img_01_Photo_Radeck_1-768x380.jpg 768w, https:\/\/europakonferenz.eu\/previous\/wp-content\/uploads\/2018\/12\/veranstal_vortraege_img_01_Photo_Radeck_1-1024x507.jpg 1024w\" sizes=\"auto, 100vw\" \/>\t\t\t\t\t\t\t\t\t\t\t\t\t\t<\/div>\n\t\t\t\t\t\t<\/div>\n\t\t\t\t<\/div>\n\t\t\t\t\t\t<\/div>\n\t\t\t\t\t<\/div>\n\t\t<\/div>\n\t\t\t\t\t\t\t\t<\/div>\n\t\t\t\t\t<\/div>\n\t\t<\/section>\n\t\t\t\t<section class=\"elementor-section elementor-top-section elementor-element elementor-element-7d3b047 elementor-section-boxed elementor-section-height-default elementor-section-height-default\" data-id=\"7d3b047\" data-element_type=\"section\">\n\t\t\t\t\t\t<div class=\"elementor-container elementor-column-gap-default\">\n\t\t\t\t\t\t\t<div class=\"elementor-row\">\n\t\t\t\t\t<div class=\"elementor-column elementor-col-100 elementor-top-column elementor-element elementor-element-a036983\" data-id=\"a036983\" data-element_type=\"column\">\n\t\t\t<div class=\"elementor-column-wrap elementor-element-populated\">\n\t\t\t\t\t\t\t<div class=\"elementor-widget-wrap\">\n\t\t\t\t\t\t<div class=\"elementor-element elementor-element-e7ef068 elementor-widget elementor-widget-text-editor\" data-id=\"e7ef068\" data-element_type=\"widget\" data-widget_type=\"text-editor.default\">\n\t\t\t\t<div class=\"elementor-widget-container\">\n\t\t\t\t\t\t\t\t<div class=\"elementor-text-editor elementor-clearfix\">\n\t\t\t\t<h2>Europapolitisches Symposium<\/h2><p><strong>30. September 2018,\u00a0Kaisersaal des Klosters Ottobeuren<\/strong><\/p><p style=\"text-align: right;\"><span style=\"text-decoration: underline;\"><a href=\"https:\/\/europakonferenz.eu\/mediathek\/\">zur Mediathek<\/a><\/span><\/p><p style=\"padding-left: 30px;\"><span style=\"text-decoration: underline;\">Redner:<\/span><\/p><p style=\"padding-left: 30px;\">Abt Johannes Schaber OSB, Kloster Ottobeuren<\/p><p style=\"padding-left: 30px;\">Dr. Theo Waigel, Bundesminister a.D., Vorstandsvorsitzender M\u00fcnchner Europa Konferenz e.V.<\/p><p style=\"padding-left: 30px;\">Markus Ferber MdEP, Vorsitzender Stiftung Europ\u00e4ische Kulturtage Ottobeuren<\/p><p style=\"padding-left: 30px;\">Dr. Markus S\u00f6der, Bayerischer Ministerpr\u00e4sident<\/p><p style=\"padding-left: 30px;\">Dr. Angela Merkel, Bundeskanzlerin<\/p><p><strong>\u00a0<\/strong><\/p><p>anschliessend <em>Basilikakonzert<\/em> in der Basilika des Klosters Ottobeuren<\/p><p>Symphonieorchester &amp; Chor des Bayerischen Rundfunks (Leitung: Masaaki Suzuki): Felix Mendelssohn Bartholdy: \u201ePaulus\u201c op. 36<\/p>\t\t\t\t\t<\/div>\n\t\t\t\t\t\t<\/div>\n\t\t\t\t<\/div>\n\t\t\t\t\t\t<\/div>\n\t\t\t\t\t<\/div>\n\t\t<\/div>\n\t\t\t\t\t\t\t\t<\/div>\n\t\t\t\t\t<\/div>\n\t\t<\/section>\n\t\t\t\t<section class=\"elementor-section elementor-top-section elementor-element elementor-element-720f8ee1 elementor-section-boxed elementor-section-height-default elementor-section-height-default\" data-id=\"720f8ee1\" data-element_type=\"section\">\n\t\t\t\t\t\t<div class=\"elementor-container elementor-column-gap-default\">\n\t\t\t\t\t\t\t<div class=\"elementor-row\">\n\t\t\t\t\t<div class=\"elementor-column elementor-col-50 elementor-top-column elementor-element elementor-element-159b8895\" data-id=\"159b8895\" data-element_type=\"column\">\n\t\t\t<div class=\"elementor-column-wrap\">\n\t\t\t\t\t\t\t<div class=\"elementor-widget-wrap\">\n\t\t\t\t\t\t\t\t<\/div>\n\t\t\t\t\t<\/div>\n\t\t<\/div>\n\t\t\t\t<div class=\"elementor-column elementor-col-50 elementor-top-column elementor-element elementor-element-6da444fd\" data-id=\"6da444fd\" data-element_type=\"column\">\n\t\t\t<div class=\"elementor-column-wrap\">\n\t\t\t\t\t\t\t<div class=\"elementor-widget-wrap\">\n\t\t\t\t\t\t\t\t<\/div>\n\t\t\t\t\t<\/div>\n\t\t<\/div>\n\t\t\t\t\t\t\t\t<\/div>\n\t\t\t\t\t<\/div>\n\t\t<\/section>\n\t\t\t\t<section class=\"elementor-section elementor-top-section elementor-element elementor-element-29618fa2 elementor-section-boxed elementor-section-height-default elementor-section-height-default\" data-id=\"29618fa2\" data-element_type=\"section\">\n\t\t\t\t\t\t<div class=\"elementor-container elementor-column-gap-default\">\n\t\t\t\t\t\t\t<div class=\"elementor-row\">\n\t\t\t\t\t<div class=\"elementor-column elementor-col-100 elementor-top-column elementor-element elementor-element-4f5bea89\" data-id=\"4f5bea89\" data-element_type=\"column\">\n\t\t\t<div class=\"elementor-column-wrap elementor-element-populated\">\n\t\t\t\t\t\t\t<div class=\"elementor-widget-wrap\">\n\t\t\t\t\t\t<div class=\"elementor-element elementor-element-354602a9 elementor-widget elementor-widget-text-editor\" data-id=\"354602a9\" data-element_type=\"widget\" data-widget_type=\"text-editor.default\">\n\t\t\t\t<div class=\"elementor-widget-container\">\n\t\t\t\t\t\t\t\t<div class=\"elementor-text-editor elementor-clearfix\">\n\t\t\t\t<h5><a href=\"https:\/\/europakonferenz.eu\/muenchner-europa-konferenz\/\">&lt; zur\u00fcck<\/a><\/h5>\t\t\t\t\t<\/div>\n\t\t\t\t\t\t<\/div>\n\t\t\t\t<\/div>\n\t\t\t\t\t\t<\/div>\n\t\t\t\t\t<\/div>\n\t\t<\/div>\n\t\t\t\t\t\t\t\t<\/div>\n\t\t\t\t\t<\/div>\n\t\t<\/section>\n\t\t\t\t\t\t\t\t\t<\/div>\n\t\t\t<\/div>\n\t\t\t\t\t<\/div>\n\t\t","protected":false},"excerpt":{"rendered":"<p>Spitzenkandidaten f\u00fcr die Europawahl 2019 am 2. April 2019, IHK-Akademie M\u00fcnchen zur Mediathek Podiumsdiskussion Kurz vor der Europawahl 2019, die in Deutschland am 26. Mai 2019 stattfand, pr\u00e4sentierten sich Spitzenkandidaten der pro-europ\u00e4ischen Parteien bei einer moderierten Podiumsdiskussion der M\u00fcnchner Europa Konferenz e.V.: Nicola Beer, MdB, Staatsministerin a.D., Generalsekret\u00e4rin der Freien Demokraten Kerstin Westphal, MdEP, Kandidatin &hellip; <\/p>\n<p class=\"link-more\"><a href=\"https:\/\/europakonferenz.eu\/previous\/weitere-veranstaltungen\/\" class=\"more-link\"><span class=\"screen-reader-text\">\u201eWeitere Veranstaltungen\u201c<\/span> weiterlesen<\/a><\/p>\n","protected":false},"author":1,"featured_media":0,"parent":0,"menu_order":0,"comment_status":"closed","ping_status":"closed","template":"","meta":{"inline_featured_image":false,"footnotes":""},"class_list":["post-51","page","type-page","status-publish","hentry"],"_links":{"self":[{"href":"https:\/\/europakonferenz.eu\/previous\/wp-json\/wp\/v2\/pages\/51","targetHints":{"allow":["GET"]}}],"collection":[{"href":"https:\/\/europakonferenz.eu\/previous\/wp-json\/wp\/v2\/pages"}],"about":[{"href":"https:\/\/europakonferenz.eu\/previous\/wp-json\/wp\/v2\/types\/page"}],"author":[{"embeddable":true,"href":"https:\/\/europakonferenz.eu\/previous\/wp-json\/wp\/v2\/users\/1"}],"replies":[{"embeddable":true,"href":"https:\/\/europakonferenz.eu\/previous\/wp-json\/wp\/v2\/comments?post=51"}],"version-history":[{"count":16,"href":"https:\/\/europakonferenz.eu\/previous\/wp-json\/wp\/v2\/pages\/51\/revisions"}],"predecessor-version":[{"id":1536,"href":"https:\/\/europakonferenz.eu\/previous\/wp-json\/wp\/v2\/pages\/51\/revisions\/1536"}],"wp:attachment":[{"href":"https:\/\/europakonferenz.eu\/previous\/wp-json\/wp\/v2\/media?parent=51"}],"curies":[{"name":"wp","href":"https:\/\/api.w.org\/{rel}","templated":true}]}}