{"id":42,"date":"2018-12-03T00:25:34","date_gmt":"2018-12-02T23:25:34","guid":{"rendered":"https:\/\/europakonferenz.eu\/?page_id=42"},"modified":"2025-01-21T18:06:08","modified_gmt":"2025-01-21T17:06:08","slug":"home","status":"publish","type":"page","link":"https:\/\/europakonferenz.eu\/previous\/","title":{"rendered":"Home"},"content":{"rendered":"\t\t<div data-elementor-type=\"wp-post\" data-elementor-id=\"42\" class=\"elementor elementor-42\" data-elementor-post-type=\"page\">\n\t\t\t\t\t\t<div class=\"elementor-inner\">\n\t\t\t\t<div class=\"elementor-section-wrap\">\n\t\t\t\t\t\t\t\t\t<section class=\"elementor-section elementor-top-section elementor-element elementor-element-8ff8ef5 elementor-section-boxed elementor-section-height-default elementor-section-height-default\" data-id=\"8ff8ef5\" data-element_type=\"section\">\n\t\t\t\t\t\t<div class=\"elementor-container elementor-column-gap-default\">\n\t\t\t\t\t\t\t<div class=\"elementor-row\">\n\t\t\t\t\t<div class=\"elementor-column elementor-col-100 elementor-top-column elementor-element elementor-element-28ff8c0\" data-id=\"28ff8c0\" data-element_type=\"column\">\n\t\t\t<div class=\"elementor-column-wrap\">\n\t\t\t\t\t\t\t<div class=\"elementor-widget-wrap\">\n\t\t\t\t\t\t\t\t<\/div>\n\t\t\t\t\t<\/div>\n\t\t<\/div>\n\t\t\t\t\t\t\t\t<\/div>\n\t\t\t\t\t<\/div>\n\t\t<\/section>\n\t\t\t\t<section class=\"elementor-section elementor-top-section elementor-element elementor-element-a6a7b1d elementor-section-boxed elementor-section-height-default elementor-section-height-default\" data-id=\"a6a7b1d\" data-element_type=\"section\">\n\t\t\t\t\t\t<div class=\"elementor-container elementor-column-gap-default\">\n\t\t\t\t\t\t\t<div class=\"elementor-row\">\n\t\t\t\t\t<div class=\"elementor-column elementor-col-100 elementor-top-column elementor-element elementor-element-35155885\" data-id=\"35155885\" data-element_type=\"column\">\n\t\t\t<div class=\"elementor-column-wrap elementor-element-populated\">\n\t\t\t\t\t\t\t<div class=\"elementor-widget-wrap\">\n\t\t\t\t\t\t<div class=\"elementor-element elementor-element-29db40f elementor-widget elementor-widget-image\" data-id=\"29db40f\" data-element_type=\"widget\" data-widget_type=\"image.default\">\n\t\t\t\t<div class=\"elementor-widget-container\">\n\t\t\t\t\t\t\t\t<div class=\"elementor-image\">\n\t\t\t\t\t\t\t\t\t<figure class=\"wp-caption\">\n\t\t\t\t\t\t\t\t\t\t<img loading=\"lazy\" decoding=\"async\" width=\"2048\" height=\"1336\" src=\"https:\/\/europakonferenz.eu\/previous\/wp-content\/uploads\/2023\/12\/alexandre-lallemand-Pcs3mOL14Sk-unsplash-1-2048x1336.jpg\" class=\"attachment-2048x2048 size-2048x2048 wp-image-2005\" alt=\"\" srcset=\"https:\/\/europakonferenz.eu\/previous\/wp-content\/uploads\/2023\/12\/alexandre-lallemand-Pcs3mOL14Sk-unsplash-1-2048x1336.jpg 2048w, https:\/\/europakonferenz.eu\/previous\/wp-content\/uploads\/2023\/12\/alexandre-lallemand-Pcs3mOL14Sk-unsplash-1-250x163.jpg 250w, https:\/\/europakonferenz.eu\/previous\/wp-content\/uploads\/2023\/12\/alexandre-lallemand-Pcs3mOL14Sk-unsplash-1-1024x668.jpg 1024w, https:\/\/europakonferenz.eu\/previous\/wp-content\/uploads\/2023\/12\/alexandre-lallemand-Pcs3mOL14Sk-unsplash-1-768x501.jpg 768w, https:\/\/europakonferenz.eu\/previous\/wp-content\/uploads\/2023\/12\/alexandre-lallemand-Pcs3mOL14Sk-unsplash-1-1536x1002.jpg 1536w\" sizes=\"auto, 100vw\" \/>\t\t\t\t\t\t\t\t\t\t\t<figcaption class=\"widget-image-caption wp-caption-text\">Die Europ\u00e4ische Flagge<\/figcaption>\n\t\t\t\t\t\t\t\t\t\t<\/figure>\n\t\t\t\t\t\t\t\t<\/div>\n\t\t\t\t\t\t<\/div>\n\t\t\t\t<\/div>\n\t\t\t\t<div class=\"elementor-element elementor-element-58c8b2f0 elementor-widget__width-initial elementor-widget elementor-widget-text-editor\" data-id=\"58c8b2f0\" data-element_type=\"widget\" data-widget_type=\"text-editor.default\">\n\t\t\t\t<div class=\"elementor-widget-container\">\n\t\t\t\t\t\t\t\t<div class=\"elementor-text-editor elementor-clearfix\">\n\t\t\t\t<h2 style=\"text-align: center;\">Neunte M\u00fcnchner Europakonferenz<\/h2><p style=\"text-align: center;\"><strong>am 13. Februar 2025<\/strong><\/p><h1 style=\"line-height: 44px; margin-bottom: 0px; padding-top: 0px; padding-bottom: 30px; overflow-wrap: break-word !important; text-align: center;\"><small style=\"line-height: 30px; display: block; padding-top: 10px;\"><span style=\"color: #040066; font-family: Helvetica, Arial, sans-serif;\">Zukunft der EU in der multipolaren Welt<\/span><span style=\"color: var( --e-global-color-text ); font-family: var( --e-global-typography-text-font-family ), Helvetica Neue; font-weight: var( --e-global-typography-text-font-weight ); font-size: 1rem;\"><br \/><\/span><\/small><\/h1><p><span style=\"color: var( --e-global-color-text ); font-family: var( --e-global-typography-text-font-family ), Helvetica Neue; font-weight: var( --e-global-typography-text-font-weight ); font-size: 1rem;\">Auch in 2025 meldet sich die M\u00fcnchner Europa Konferenz als wichtige Europ\u00e4ische Plattform und Impulsgeber zur\u00fcck.<\/span><\/p><p>Bereits zum neunten Mal werden aktuelle Entwicklungen angesprochen und diskutiert, um die Grundlagen der europ\u00e4ischen Integration im Bewusstsein zu halten und Wege f\u00fcr k\u00fcnftige Entwicklungen in einem Europa der Vielfalt aufzuzeigen.<\/p><p>Nach den Begr\u00fc\u00dfungen wird <b>Ministerpr\u00e4sident Dr. Markus S\u00f6der<\/b> seine Gedanken und Ans\u00e4tze zu den Entwicklungen in Europa teilen.<\/p><p>Das Konferenzthema <b>\u201eZukunft der EU in der multipolaren Welt\u201c<\/b> wird nach einem Impulsvortrag von <strong>Wopke Hoekstra (EU-Kommissar f\u00fcr Klima, Netto-Null-Emissionen und sauberes Wachstum)<\/strong> in einer Podiumsdiskussion diskutiert werden.<\/p><p><b>Paneldiskussion:<\/b><\/p><p style=\"padding-left: 40px;\"><b>Panel 1: <strong>Susanne Kl\u00f6\u00df-Braekler<\/strong><br \/><\/b>Aufsichtsratsvorsitzende der ING in Deutschland<\/p><p style=\"padding-left: 40px;\"><span style=\"color: var( --e-global-color-text ); font-family: var( --e-global-typography-text-font-family ), Helvetica Neue; font-size: 1rem; font-weight: bold;\">Panel 2:\u00a0<\/span><b style=\"color: var( --e-global-color-text ); font-family: var( --e-global-typography-text-font-family ), Helvetica Neue; font-size: 1rem;\">Prof. Dr. Dr. h. c. Lars P. Feld<br \/><\/b><span style=\"color: var( --e-global-color-text ); font-family: var( --e-global-typography-text-font-family ), Helvetica Neue; font-size: 1rem;\"><span style=\"font-weight: var( --e-global-typography-text-font-weight );\">\u00d6konom &amp; ehem. Vorsitzender der Wirtschaftsweisen in Deutschland<\/span><\/span><\/p><p style=\"padding-left: 40px;\"><span style=\"color: var( --e-global-color-text ); font-family: var( --e-global-typography-text-font-family ), Helvetica Neue; font-size: 1rem; font-weight: bold;\">Panel 3: <strong>Wopke Hoekstra<\/strong><\/span><b style=\"color: var( --e-global-color-text ); font-family: var( --e-global-typography-text-font-family ), Helvetica Neue; font-size: 1rem;\"><br \/><\/b>EU-Kommissar f\u00fcr Klima, Netto-Null-Emissionen und sauberes Wachstum<\/p><p style=\"padding-left: 40px;\"><span style=\"color: var( --e-global-color-text ); font-family: var( --e-global-typography-text-font-family ), Helvetica Neue; font-size: 1rem; font-weight: bold;\">Moderation: Helene Bubrowski<\/span><b style=\"color: var( --e-global-color-text ); font-family: var( --e-global-typography-text-font-family ), Helvetica Neue; font-size: 1rem;\"><br \/><\/b>Stellvertretende Chefredakteuerin Table Media<\/p><p style=\"padding-left: 40px;\"><span style=\"color: var( --e-global-color-text ); font-family: var( --e-global-typography-text-font-family ), Helvetica Neue; font-weight: var( --e-global-typography-text-font-weight ); font-size: 1rem;\">Abschlie\u00dfend wird <b>Manfred Weber, MdEP &amp; Vorsitzender der M\u00fcnchner Europakonferenz e.V.<\/b> ein Schlusswort geben.<\/span><\/p><p><span style=\"text-decoration: underline;\">In unserer <a href=\"https:\/\/europakonferenz.eu\/mediathek\/\">Mediathek<\/a> finden Sie Photos der vergangenen M\u00fcnchner Europa Konferenzen sowie Videos der Redebeitr\u00e4ge<\/span><\/p>\t\t\t\t\t<\/div>\n\t\t\t\t\t\t<\/div>\n\t\t\t\t<\/div>\n\t\t\t\t\t\t<\/div>\n\t\t\t\t\t<\/div>\n\t\t<\/div>\n\t\t\t\t\t\t\t\t<\/div>\n\t\t\t\t\t<\/div>\n\t\t<\/section>\n\t\t\t\t\t\t\t\t\t<\/div>\n\t\t\t<\/div>\n\t\t\t\t\t<\/div>\n\t\t","protected":false},"excerpt":{"rendered":"<p>Die Europ\u00e4ische Flagge Neunte M\u00fcnchner Europakonferenz am 13. Februar 2025 Zukunft der EU in der multipolaren Welt Auch in 2025 meldet sich die M\u00fcnchner Europa Konferenz als wichtige Europ\u00e4ische Plattform und Impulsgeber zur\u00fcck. Bereits zum neunten Mal werden aktuelle Entwicklungen angesprochen und diskutiert, um die Grundlagen der europ\u00e4ischen Integration im Bewusstsein zu halten und Wege &hellip; <\/p>\n<p class=\"link-more\"><a href=\"https:\/\/europakonferenz.eu\/previous\/\" class=\"more-link\"><span class=\"screen-reader-text\">\u201eHome\u201c<\/span> weiterlesen<\/a><\/p>\n","protected":false},"author":1,"featured_media":0,"parent":0,"menu_order":0,"comment_status":"closed","ping_status":"closed","template":"","meta":{"inline_featured_image":false,"footnotes":""},"class_list":["post-42","page","type-page","status-publish","hentry"],"_links":{"self":[{"href":"https:\/\/europakonferenz.eu\/previous\/wp-json\/wp\/v2\/pages\/42","targetHints":{"allow":["GET"]}}],"collection":[{"href":"https:\/\/europakonferenz.eu\/previous\/wp-json\/wp\/v2\/pages"}],"about":[{"href":"https:\/\/europakonferenz.eu\/previous\/wp-json\/wp\/v2\/types\/page"}],"author":[{"embeddable":true,"href":"https:\/\/europakonferenz.eu\/previous\/wp-json\/wp\/v2\/users\/1"}],"replies":[{"embeddable":true,"href":"https:\/\/europakonferenz.eu\/previous\/wp-json\/wp\/v2\/comments?post=42"}],"version-history":[{"count":112,"href":"https:\/\/europakonferenz.eu\/previous\/wp-json\/wp\/v2\/pages\/42\/revisions"}],"predecessor-version":[{"id":2249,"href":"https:\/\/europakonferenz.eu\/previous\/wp-json\/wp\/v2\/pages\/42\/revisions\/2249"}],"wp:attachment":[{"href":"https:\/\/europakonferenz.eu\/previous\/wp-json\/wp\/v2\/media?parent=42"}],"curies":[{"name":"wp","href":"https:\/\/api.w.org\/{rel}","templated":true}]}}