{"id":2,"date":"2018-11-13T16:44:14","date_gmt":"2018-11-13T15:44:14","guid":{"rendered":"https:\/\/europakonferenz.eu\/?page_id=2"},"modified":"2023-12-21T11:59:17","modified_gmt":"2023-12-21T10:59:17","slug":"wer-wir-sind","status":"publish","type":"page","link":"https:\/\/europakonferenz.eu\/previous\/wer-wir-sind\/","title":{"rendered":"Wer wir sind"},"content":{"rendered":"\t\t<div data-elementor-type=\"wp-post\" data-elementor-id=\"2\" class=\"elementor elementor-2\" data-elementor-post-type=\"page\">\n\t\t\t\t\t\t<div class=\"elementor-inner\">\n\t\t\t\t<div class=\"elementor-section-wrap\">\n\t\t\t\t\t\t\t\t\t<section class=\"elementor-section elementor-top-section elementor-element elementor-element-442493aa elementor-section-boxed elementor-section-height-default elementor-section-height-default\" data-id=\"442493aa\" data-element_type=\"section\">\n\t\t\t\t\t\t<div class=\"elementor-container elementor-column-gap-default\">\n\t\t\t\t\t\t\t<div class=\"elementor-row\">\n\t\t\t\t\t<div class=\"elementor-column elementor-col-100 elementor-top-column elementor-element elementor-element-4c2b7923\" data-id=\"4c2b7923\" data-element_type=\"column\">\n\t\t\t<div class=\"elementor-column-wrap elementor-element-populated\">\n\t\t\t\t\t\t\t<div class=\"elementor-widget-wrap\">\n\t\t\t\t\t\t<div class=\"elementor-element elementor-element-2e8e074a elementor-widget elementor-widget-image\" data-id=\"2e8e074a\" data-element_type=\"widget\" data-widget_type=\"image.default\">\n\t\t\t\t<div class=\"elementor-widget-container\">\n\t\t\t\t\t\t\t\t<div class=\"elementor-image\">\n\t\t\t\t\t\t\t\t\t\t\t\t<img decoding=\"async\" src=\"https:\/\/europakonferenz.eu\/previous\/wp-content\/uploads\/elementor\/thumbs\/PF_1_EVPFraktion-qgxxlaw6p1vpaepy6v5wsg2nd4k8gv9njgzs1cxxuo.jpeg\" title=\"PF_1_EVPFraktion\" alt=\"Manfred Weber\" loading=\"lazy\" \/>\t\t\t\t\t\t\t\t\t\t\t\t\t\t<\/div>\n\t\t\t\t\t\t<\/div>\n\t\t\t\t<\/div>\n\t\t\t\t\t\t<\/div>\n\t\t\t\t\t<\/div>\n\t\t<\/div>\n\t\t\t\t\t\t\t\t<\/div>\n\t\t\t\t\t<\/div>\n\t\t<\/section>\n\t\t\t\t<section class=\"elementor-section elementor-top-section elementor-element elementor-element-35f849fa elementor-section-boxed elementor-section-height-default elementor-section-height-default\" data-id=\"35f849fa\" data-element_type=\"section\">\n\t\t\t\t\t\t<div class=\"elementor-container elementor-column-gap-default\">\n\t\t\t\t\t\t\t<div class=\"elementor-row\">\n\t\t\t\t\t<div class=\"elementor-column elementor-col-100 elementor-top-column elementor-element elementor-element-1dc7a601\" data-id=\"1dc7a601\" data-element_type=\"column\">\n\t\t\t<div class=\"elementor-column-wrap elementor-element-populated\">\n\t\t\t\t\t\t\t<div class=\"elementor-widget-wrap\">\n\t\t\t\t\t\t<div class=\"elementor-element elementor-element-76d887eb elementor-widget elementor-widget-text-editor\" data-id=\"76d887eb\" data-element_type=\"widget\" data-widget_type=\"text-editor.default\">\n\t\t\t\t<div class=\"elementor-widget-container\">\n\t\t\t\t\t\t\t\t<div class=\"elementor-text-editor elementor-clearfix\">\n\t\t\t\t<h2>M\u00fcnchner Europa Konferenz e.V.<\/h2>\n<p>Die M\u00fcnchner Europa Konferenz hat sich als offene, \u00fcberparteiliche und internationale Plattform das Ziel gesetzt, einen Beitrag f\u00fcr die politische Integration eines demokratischen Europas der Vielfalt zu leisten.<\/p>\n<p>Die M\u00fcnchner Europa Konferenz bietet unter dieser Ma\u00dfgabe ein Forum, die aktuellen Entwicklungen zu analysieren, die Grundlagen der europ\u00e4ischen Integration im Bewusstsein zu halten und Wege f\u00fcr k\u00fcnftige Entwicklungen aufzuzeigen.<\/p>\n<p>Um diesen Zweck zu erf\u00fcllen, veranstaltet die M\u00fcnchner Europa Konferenz Podiumsdiskussionen sowie das j\u00e4hrliche European Dinner am Vorabend der M\u00fcnchner Sicherheitskonferenz .<\/p>\n<p>In weiteren hochkar\u00e4tigen Dialogrunden, Vortr\u00e4gen, und Diskussionen werden w\u00e4hrend des gesamten Jahres regelm\u00e4\u00dfig aktuelle europ\u00e4ische Fragestellungen und zuk\u00fcnftige Herausforderungen der europ\u00e4ischen Politik durchdacht.<\/p>\n<p>Der gemeinn\u00fctzige Verein M\u00fcnchner Europa Konferenz e.V. wurde 2015 von M\u00fcnchener B\u00fcrgern auf Initiative von Martin Schoeller, Landesvorsitzender der Familienunternehmer in Bayern, gegr\u00fcndet und ist in das M\u00fcnchener Vereinsregister eingetragen.<\/p>\n<h2>Ziele<\/h2>\n<p>Es soll ein zus\u00e4tzliches, wichtiges und von Br\u00fcssel unabh\u00e4ngiges europaweites Forum geschaffen werden, welches den Vertretern der Bereiche erm\u00f6glicht, parteiunabh\u00e4ngig und \u00fcbergreifend Aspekte und Anregungen zu er\u00f6rtern, welche den europ\u00e4ischen Verbund zum Nutzen der B\u00fcrger\/Gesellschaft, aber auch das Verh\u00e4ltnis von Europa zum Rest der Welt und insbesondere zu den angrenzenden Regionen, Immigration und Friedensfragen betreffen.<\/p>\n<h2>Vorstand<\/h2>\n<p><strong>Manfred Weber, MdEP<\/strong><br>Fraktionsvorsitzender der EVP im Europ\u00e4ischen Parlament<br>Vorsitzender<\/p>\n<p><strong>Dr. Benedikt Franke<\/strong><br>COO M\u00fcnchener Sicherheitskonferenz<br>1. stv. Vorsitzender<\/p>\n<p><strong>Stavros Kostantinidis<\/strong><br>RA, Gollob Rechtsanw\u00e4lte<br>2. stv. Vorsitzender<\/p>\n<p><strong>Moritz Graf zu Ortenburg<\/strong><br>RA, WP, StB, Ortenburg &amp; Partner<br>Schatzmeister<\/p>\n<p><strong>Mario Keller<\/strong><br>Board member, Bourne Park Capital SICAF-SIF, Luxembourg<br>Schriftf\u00fchrer<\/p>\n<p><strong>Henrike Hahn, MdEP<\/strong><br>stv. Sprecherin Europagruppe B\u00fcndnis 90\/Die Gr\u00fcnen, Europ\u00e4isches Parlament<\/p>\n<p><strong>Charlott Friederich<br><\/strong>Redakteurin, Caritas International<strong><br><\/strong><\/p>\n<p><strong>Dr. Ingo Friedrich<\/strong><br>Vizepr\u00e4sident des Europa Parlaments ret.<\/p>\n<p><strong>Albrecht Graf von Hochberg<br><\/strong>A.T. Kearney GmbH<strong><br><\/strong><\/p>\n<p><strong>\u2020 Dr. Martin H\u00fcfner<\/strong> (bis Dez. 2019)<br>Chefvolkswirt, Assenagon Gruppe<\/p>\n<p><strong>Prof. Dr. Gregor Kirchhof, LL.M.<\/strong><br>Lehrstuhl f\u00fcr \u00d6ffentliches Recht, Finanzrecht und Steuerrecht<br>Universit\u00e4t Augsburg<\/p>\n<p><strong>Markus Rinderspacher, MdL<\/strong> (SPD)<br>Vizepr\u00e4sident Bayerischer Landtag<\/p>\n<h2>Gesch\u00e4ftsleitung<\/h2>\n<p><b>Sophia Schliesske<br><\/b><br><b style=\"font-family: var( --e-global-typography-text-font-family ), Helvetica Neue; font-size: 1rem;\">Nicolas Seidl<\/b><\/p><p>E:&nbsp;&nbsp; info@europakonferenz.eu<\/p>\n<p><\/p>\t\t\t\t\t<\/div>\n\t\t\t\t\t\t<\/div>\n\t\t\t\t<\/div>\n\t\t\t\t\t\t<\/div>\n\t\t\t\t\t<\/div>\n\t\t<\/div>\n\t\t\t\t\t\t\t\t<\/div>\n\t\t\t\t\t<\/div>\n\t\t<\/section>\n\t\t\t\t<section class=\"elementor-section elementor-top-section elementor-element elementor-element-16533abb elementor-section-boxed elementor-section-height-default elementor-section-height-default\" data-id=\"16533abb\" data-element_type=\"section\">\n\t\t\t\t\t\t<div class=\"elementor-container elementor-column-gap-default\">\n\t\t\t\t\t\t\t<div class=\"elementor-row\">\n\t\t\t\t\t<div class=\"elementor-column elementor-col-50 elementor-top-column elementor-element elementor-element-533f1e8a\" data-id=\"533f1e8a\" data-element_type=\"column\">\n\t\t\t<div class=\"elementor-column-wrap\">\n\t\t\t\t\t\t\t<div class=\"elementor-widget-wrap\">\n\t\t\t\t\t\t\t\t<\/div>\n\t\t\t\t\t<\/div>\n\t\t<\/div>\n\t\t\t\t<div class=\"elementor-column elementor-col-50 elementor-top-column elementor-element elementor-element-450295d2\" data-id=\"450295d2\" data-element_type=\"column\">\n\t\t\t<div class=\"elementor-column-wrap\">\n\t\t\t\t\t\t\t<div class=\"elementor-widget-wrap\">\n\t\t\t\t\t\t\t\t<\/div>\n\t\t\t\t\t<\/div>\n\t\t<\/div>\n\t\t\t\t\t\t\t\t<\/div>\n\t\t\t\t\t<\/div>\n\t\t<\/section>\n\t\t\t\t<section class=\"elementor-section elementor-top-section elementor-element elementor-element-378bf362 elementor-section-boxed elementor-section-height-default elementor-section-height-default\" data-id=\"378bf362\" data-element_type=\"section\">\n\t\t\t\t\t\t<div class=\"elementor-container elementor-column-gap-default\">\n\t\t\t\t\t\t\t<div class=\"elementor-row\">\n\t\t\t\t\t<div class=\"elementor-column elementor-col-100 elementor-top-column elementor-element elementor-element-310a5b33\" data-id=\"310a5b33\" data-element_type=\"column\">\n\t\t\t<div class=\"elementor-column-wrap elementor-element-populated\">\n\t\t\t\t\t\t\t<div class=\"elementor-widget-wrap\">\n\t\t\t\t\t\t<div class=\"elementor-element elementor-element-7b67db03 elementor-widget elementor-widget-text-editor\" data-id=\"7b67db03\" data-element_type=\"widget\" data-widget_type=\"text-editor.default\">\n\t\t\t\t<div class=\"elementor-widget-container\">\n\t\t\t\t\t\t\t\t<div class=\"elementor-text-editor elementor-clearfix\">\n\t\t\t\t<h5><a href=\"https:\/\/europakonferenz.eu\/muenchner-europa-konferenz\/\">&lt; zur\u00fcck<\/a><\/h5>\t\t\t\t\t<\/div>\n\t\t\t\t\t\t<\/div>\n\t\t\t\t<\/div>\n\t\t\t\t\t\t<\/div>\n\t\t\t\t\t<\/div>\n\t\t<\/div>\n\t\t\t\t\t\t\t\t<\/div>\n\t\t\t\t\t<\/div>\n\t\t<\/section>\n\t\t\t\t\t\t\t\t\t<\/div>\n\t\t\t<\/div>\n\t\t\t\t\t<\/div>\n\t\t","protected":false},"excerpt":{"rendered":"<p>M\u00fcnchner Europa Konferenz e.V. Die M\u00fcnchner Europa Konferenz hat sich als offene, \u00fcberparteiliche und internationale Plattform das Ziel gesetzt, einen Beitrag f\u00fcr die politische Integration eines demokratischen Europas der Vielfalt zu leisten. Die M\u00fcnchner Europa Konferenz bietet unter dieser Ma\u00dfgabe ein Forum, die aktuellen Entwicklungen zu analysieren, die Grundlagen der europ\u00e4ischen Integration im Bewusstsein zu &hellip; <\/p>\n<p class=\"link-more\"><a href=\"https:\/\/europakonferenz.eu\/previous\/wer-wir-sind\/\" class=\"more-link\"><span class=\"screen-reader-text\">\u201eWer wir sind\u201c<\/span> weiterlesen<\/a><\/p>\n","protected":false},"author":1,"featured_media":0,"parent":0,"menu_order":0,"comment_status":"closed","ping_status":"closed","template":"","meta":{"inline_featured_image":false,"footnotes":""},"class_list":["post-2","page","type-page","status-publish","hentry"],"_links":{"self":[{"href":"https:\/\/europakonferenz.eu\/previous\/wp-json\/wp\/v2\/pages\/2","targetHints":{"allow":["GET"]}}],"collection":[{"href":"https:\/\/europakonferenz.eu\/previous\/wp-json\/wp\/v2\/pages"}],"about":[{"href":"https:\/\/europakonferenz.eu\/previous\/wp-json\/wp\/v2\/types\/page"}],"author":[{"embeddable":true,"href":"https:\/\/europakonferenz.eu\/previous\/wp-json\/wp\/v2\/users\/1"}],"replies":[{"embeddable":true,"href":"https:\/\/europakonferenz.eu\/previous\/wp-json\/wp\/v2\/comments?post=2"}],"version-history":[{"count":56,"href":"https:\/\/europakonferenz.eu\/previous\/wp-json\/wp\/v2\/pages\/2\/revisions"}],"predecessor-version":[{"id":2139,"href":"https:\/\/europakonferenz.eu\/previous\/wp-json\/wp\/v2\/pages\/2\/revisions\/2139"}],"wp:attachment":[{"href":"https:\/\/europakonferenz.eu\/previous\/wp-json\/wp\/v2\/media?parent=2"}],"curies":[{"name":"wp","href":"https:\/\/api.w.org\/{rel}","templated":true}]}}