{"id":1286,"date":"2019-03-18T13:27:09","date_gmt":"2019-03-18T12:27:09","guid":{"rendered":"https:\/\/europakonferenz.eu\/the-munich-european-conferences\/"},"modified":"2025-02-12T21:32:48","modified_gmt":"2025-02-12T20:32:48","slug":"the-munich-european-conferences","status":"publish","type":"page","link":"https:\/\/europakonferenz.eu\/previous\/en\/the-munich-european-conferences\/","title":{"rendered":"The Munich European Conferences"},"content":{"rendered":"\t\t<div data-elementor-type=\"wp-post\" data-elementor-id=\"1286\" class=\"elementor elementor-1286 elementor-47\" data-elementor-post-type=\"page\">\n\t\t\t\t\t\t<div class=\"elementor-inner\">\n\t\t\t\t<div class=\"elementor-section-wrap\">\n\t\t\t\t\t\t\t\t\t<section class=\"elementor-section elementor-top-section elementor-element elementor-element-e740232 elementor-section-boxed elementor-section-height-default elementor-section-height-default\" data-id=\"e740232\" data-element_type=\"section\">\n\t\t\t\t\t\t<div class=\"elementor-container elementor-column-gap-default\">\n\t\t\t\t\t\t\t<div class=\"elementor-row\">\n\t\t\t\t\t<div class=\"elementor-column elementor-col-100 elementor-top-column elementor-element elementor-element-21f7604\" data-id=\"21f7604\" data-element_type=\"column\">\n\t\t\t<div class=\"elementor-column-wrap elementor-element-populated\">\n\t\t\t\t\t\t\t<div class=\"elementor-widget-wrap\">\n\t\t\t\t\t\t<div class=\"elementor-element elementor-element-817cd54 elementor-widget elementor-widget-image\" data-id=\"817cd54\" data-element_type=\"widget\" data-widget_type=\"image.default\">\n\t\t\t\t<div class=\"elementor-widget-container\">\n\t\t\t\t\t\t\t\t<div class=\"elementor-image\">\n\t\t\t\t\t\t\t\t\t\t\t\t<img decoding=\"async\" src=\"https:\/\/europakonferenz.eu\/previous\/wp-content\/uploads\/elementor\/thumbs\/alexandre-lallemand-Pcs3mOL14Sk-unsplash-1-scaled-1-r1ew8a3pwhvbu3p3ygg9hn5qai04edv2lscxzerhxk.jpg\" title=\"alexandre-lallemand-Pcs3mOL14Sk-unsplash-1-scaled.jpg\" alt=\"alexandre-lallemand-Pcs3mOL14Sk-unsplash-1-scaled.jpg\" loading=\"lazy\" \/>\t\t\t\t\t\t\t\t\t\t\t\t\t\t<\/div>\n\t\t\t\t\t\t<\/div>\n\t\t\t\t<\/div>\n\t\t\t\t<div class=\"elementor-element elementor-element-8781858 elementor-widget elementor-widget-text-editor\" data-id=\"8781858\" data-element_type=\"widget\" data-widget_type=\"text-editor.default\">\n\t\t\t\t<div class=\"elementor-widget-container\">\n\t\t\t\t\t\t\t\t<div class=\"elementor-text-editor elementor-clearfix\">\n\t\t\t\t<h2>Ninth Munich European Conference<\/h2><p><strong>13th February 2025<\/strong><\/p><p><strong>Topic: \u201cThe future of the EU in a multipolar world&#8221;<\/strong><\/p><p style=\"font-weight: 400;\">On the eve of the Munich Security Conference 2025, the Board of M\u00fcnchner Europakonferenz e.V., in cooperation with Giesecke+Devrient GmbH, cordially invites you to the ninth Munich European Conference. We look forward to your participation and to an exciting evening in exchange with top-class discussion partners.<\/p><p><strong>Program<\/strong><\/p><p><strong>Thursday, February 13, 2025 at 6.30 p.m.<\/strong><\/p><p><strong>Welcome<\/strong><\/p><p><strong>Dr. Ralf Wintergerst<\/strong><br \/>CEO Giesecke+Devrient GmbH<br \/>President of the digital association BITKOM<\/p><p><strong>Stavros Kostantinidis<\/strong><br \/>Deputy Chairman of the Munich European Conference e. V.<\/p><p><strong>Greeting<\/strong><\/p><p>Dr. Markus S\u00f6der, MdL<br \/>Minister President of the Free State of Bavaria<\/p><p><strong>Keynote speech<\/strong><\/p><p>Wopke Hoekstra<br \/>EU Commissioner for Climate Action, Net Zero Emissions and Clean Growth<\/p><p><strong>Panel discussion<\/strong><\/p><p>As part of the panel discussion, we will take a closer look at the core topics of this year&#8217;s Munich European Conference.<\/p><p>The future of the EU in a multipolar world<\/p><p><strong>Susanne Kl\u00f6\u00df-Braekler<\/strong><br \/>Chairwoman of the Supervisory Board of ING in Germany<\/p><p><strong>Prof. Dr. Dr. h. c. Lars P. Feld<\/strong><br \/>Economist &amp; former Chairman of the German Council of Economic Experts<\/p><p><strong>Elmar Theve\u00dfen<\/strong> <br \/>Head of the ZDF Washington studio<\/p><p><strong>Moderation: Helene Bubrowski<\/strong><br \/>Deputy Editor-in-Chief Table Media<\/p><p><strong>Closing remarks<\/strong><\/p><p>Manfred Weber, MEP<br \/>Chairman of the M\u00fcnchner Europakonferenz e. V.<\/p>\t\t\t\t\t<\/div>\n\t\t\t\t\t\t<\/div>\n\t\t\t\t<\/div>\n\t\t\t\t\t\t<\/div>\n\t\t\t\t\t<\/div>\n\t\t<\/div>\n\t\t\t\t\t\t\t\t<\/div>\n\t\t\t\t\t<\/div>\n\t\t<\/section>\n\t\t\t\t<section class=\"elementor-section elementor-top-section elementor-element elementor-element-55e24e58 elementor-section-boxed elementor-section-height-default elementor-section-height-default\" data-id=\"55e24e58\" data-element_type=\"section\">\n\t\t\t\t\t\t<div class=\"elementor-container elementor-column-gap-default\">\n\t\t\t\t\t\t\t<div class=\"elementor-row\">\n\t\t\t\t\t<div class=\"elementor-column elementor-col-100 elementor-top-column elementor-element elementor-element-6e43dd84\" data-id=\"6e43dd84\" data-element_type=\"column\">\n\t\t\t<div class=\"elementor-column-wrap elementor-element-populated\">\n\t\t\t\t\t\t\t<div class=\"elementor-widget-wrap\">\n\t\t\t\t\t\t<div class=\"elementor-element elementor-element-85ba36d elementor-widget elementor-widget-image\" data-id=\"85ba36d\" data-element_type=\"widget\" data-widget_type=\"image.default\">\n\t\t\t\t<div class=\"elementor-widget-container\">\n\t\t\t\t\t\t\t\t<div class=\"elementor-image\">\n\t\t\t\t\t\t\t\t\t\t\t\t<img loading=\"lazy\" decoding=\"async\" width=\"525\" height=\"267\" src=\"https:\/\/europakonferenz.eu\/previous\/wp-content\/uploads\/2020\/01\/20190924-K\u00e4fer-als-Europafahne-1024x520.jpg\" class=\"attachment-large size-large wp-image-1493\" alt=\"\" srcset=\"https:\/\/europakonferenz.eu\/previous\/wp-content\/uploads\/2020\/01\/20190924-K\u00e4fer-als-Europafahne-1024x520.jpg 1024w, https:\/\/europakonferenz.eu\/previous\/wp-content\/uploads\/2020\/01\/20190924-K\u00e4fer-als-Europafahne-250x127.jpg 250w, https:\/\/europakonferenz.eu\/previous\/wp-content\/uploads\/2020\/01\/20190924-K\u00e4fer-als-Europafahne-768x390.jpg 768w, https:\/\/europakonferenz.eu\/previous\/wp-content\/uploads\/2020\/01\/20190924-K\u00e4fer-als-Europafahne-1536x780.jpg 1536w, https:\/\/europakonferenz.eu\/previous\/wp-content\/uploads\/2020\/01\/20190924-K\u00e4fer-als-Europafahne-2048x1040.jpg 2048w\" sizes=\"auto, 100vw\" \/>\t\t\t\t\t\t\t\t\t\t\t\t\t\t<\/div>\n\t\t\t\t\t\t<\/div>\n\t\t\t\t<\/div>\n\t\t\t\t\t\t<\/div>\n\t\t\t\t\t<\/div>\n\t\t<\/div>\n\t\t\t\t\t\t\t\t<\/div>\n\t\t\t\t\t<\/div>\n\t\t<\/section>\n\t\t\t\t<section class=\"elementor-section elementor-top-section elementor-element elementor-element-89eab5f elementor-section-boxed elementor-section-height-default elementor-section-height-default\" data-id=\"89eab5f\" data-element_type=\"section\">\n\t\t\t\t\t\t<div class=\"elementor-container elementor-column-gap-default\">\n\t\t\t\t\t\t\t<div class=\"elementor-row\">\n\t\t\t\t\t<div class=\"elementor-column elementor-col-100 elementor-top-column elementor-element elementor-element-00cd79f\" data-id=\"00cd79f\" data-element_type=\"column\">\n\t\t\t<div class=\"elementor-column-wrap elementor-element-populated\">\n\t\t\t\t\t\t\t<div class=\"elementor-widget-wrap\">\n\t\t\t\t\t\t<div class=\"elementor-element elementor-element-d62ad4a elementor-widget elementor-widget-text-editor\" data-id=\"d62ad4a\" data-element_type=\"widget\" data-widget_type=\"text-editor.default\">\n\t\t\t\t<div class=\"elementor-widget-container\">\n\t\t\t\t\t\t\t\t<div class=\"elementor-text-editor elementor-clearfix\">\n\t\t\t\t<h2>Seventh Munich European Conference<\/h2><p><strong>February 16th, 2023<\/strong><\/p><div class=\"DVHrxd\"><div id=\"ow71\" data-show-delay-ms=\"250\" data-append-to-body=\"true\" data-propagate-tooltip-mouseover-events=\"true\" data-anchor-corner=\"bottom-left\" data-enable-skip-handler=\"false\" data-popup-corner=\"top-left\">\u00a0<\/div><\/div><div class=\"KkbLmb\"><div class=\"lRu31\"><strong><span class=\"HwtZe\" lang=\"en\"><span class=\"jCAhz ChMk0b\"><span class=\"ryNqvb\">Re-Start after &#8220;Zeitenwende&#8221;!<\/span><\/span> <span class=\"jCAhz ChMk0b\"><span class=\"ryNqvb\">The future of the European economy in a changed world<\/span><\/span><\/span><\/strong><\/div><\/div><div class=\"QcsUad BDJ8fb BLojaf\"><div class=\"XL3Kf\"><div class=\"a8FIud L6rCcb\"><div data-show-delay-ms=\"250\" data-append-to-body=\"false\" data-propagate-tooltip-mouseover-events=\"true\" data-anchor-corner=\"bottom-end\" data-enable-skip-handler=\"false\" data-popup-corner=\"top-end\"><div>\u00a0<\/div><\/div><\/div><\/div><\/div><div class=\"KkbLmb\"><div class=\"lRu31\"><span class=\"HwtZe\" lang=\"en\"><span class=\"jCAhz ChMk0b\"><span class=\"ryNqvb\">After a break due to Covid, the Munich Europe Conference is back as an important European platform and source of inspiration.<\/span><\/span><\/span><\/div><div>\u00a0<\/div><div class=\"lRu31\"><span class=\"HwtZe\" lang=\"en\"> <span class=\"jCAhz ChMk0b\"><span class=\"ryNqvb\">For the seventh time, current developments will be addressed and discussed in order to keep the basics of European integration in mind and to show ways for future developments in a Europe of diversity.<\/span><\/span> <\/span><\/div><div>\u00a0<\/div><div class=\"lRu31\"><span class=\"HwtZe\" lang=\"en\"><span class=\"jCAhz ChMk0b\"><span class=\"ryNqvb\">After the greetings, <strong>Prime Minister Dr.<\/strong><\/span><\/span> <span class=\"jCAhz ChMk0b\"><span class=\"ryNqvb\"><strong>Markus S\u00f6der<\/strong> and the <strong>President of the European Parliament Roberta Metsola<\/strong> share their thoughts and approaches to developments in Europe.<\/span><\/span><\/span><\/div><\/div><p><span class=\"HwtZe\" lang=\"en\"><span class=\"jCAhz ChMk0b\"><span class=\"ryNqvb\"><strong>&#8220;Re-Start after &#8216;Zeitenwende&#8217;! The future of the European economy in a changed world&#8221;<\/strong> will be discussed in a panel discussion after a keynote speech by EU Commissioner Johannes Hahn.<\/span><\/span> <\/span><\/p><p><strong><span class=\"HwtZe\" lang=\"en\"><span class=\"jCAhz ChMk0b\"><span class=\"ryNqvb\">panelists:<\/span><\/span><\/span><\/strong><\/p><p><span class=\"HwtZe\" lang=\"en\"><strong> <span class=\"jCAhz ChMk0b\"><span class=\"ryNqvb\">Prof. Dr.<\/span><\/span> <span class=\"jCAhz ChMk0b\"><span class=\"ryNqvb\">dr<\/span><\/span> <span class=\"jCAhz ChMk0b\"><span class=\"ryNqvb\">h.c.<\/span><\/span> <\/strong><span class=\"jCAhz ChMk0b\"><span class=\"ryNqvb\"><strong>Clemens Fuest<\/strong><br \/><\/span><\/span><\/span><span class=\"HwtZe\" lang=\"en\"> <span class=\"jCAhz ChMk0b\"><span class=\"ryNqvb\">Head of the Ifo Institute&#8217;s Tax and Financial Policy Research Group<\/span><\/span> <\/span><\/p><p><span class=\"HwtZe\" lang=\"en\"><span class=\"jCAhz ChMk0b\"><span class=\"ryNqvb\"><strong>Johannes Hahn<\/strong><br \/><\/span><\/span> <span class=\"jCAhz ChMk0b\"><span class=\"ryNqvb\">European Commissioner for Budget and Administration<\/span><\/span><\/span><\/p><p><span class=\"HwtZe\" lang=\"en\"><strong><span class=\"jCAhz ChMk0b\"><span class=\"ryNqvb\">Prof. Dr.<\/span><\/span> <span class=\"jCAhz ChMk0b\"><span class=\"ryNqvb\">Gregor Kirchhof LL.M.<\/span><\/span><\/strong> <span class=\"jCAhz ChMk0b\"><span class=\"ryNqvb\">University of Augsburg, chair for public law, financial law and tax law<\/span><\/span> <\/span><\/p><p><span class=\"HwtZe\" lang=\"en\"><strong><span class=\"jCAhz ChMk0b\"><span class=\"ryNqvb\">Prof Dr.-Ing., Dr.-Ing.<\/span><\/span> <span class=\"jCAhz ChMk0b\"><span class=\"ryNqvb\">Siegfried Russwurm<\/span><\/span><\/strong> <span class=\"jCAhz ChMk0b\"><span class=\"ryNqvb\">President of the Federal Association of German Industry (BDI)<\/span><\/span> <\/span><\/p><p><span class=\"HwtZe\" lang=\"en\"><strong><span class=\"jCAhz ChMk0b\"><span class=\"ryNqvb\">Moderator: Dr.<\/span><\/span> <span class=\"jCAhz ChMk0b\"><span class=\"ryNqvb\">Stephen Leifert<\/span><\/span> <\/strong><br \/><\/span><span class=\"HwtZe\" lang=\"en\"><span class=\"jCAhz ChMk0b\"><span class=\"ryNqvb\">Head of the ZDF regional studio in Bavaria<\/span><\/span> <\/span><\/p><p><span class=\"HwtZe\" lang=\"en\"><span class=\"jCAhz ChMk0b\"><span class=\"ryNqvb\">Finally, <strong>Manfred Weber, MEP<\/strong> Group Chairman of the EPP in the European Parliament, will give a summary.<\/span><\/span><\/span><\/p><p><span class=\"\" title=\"\">\u00a0<\/span><\/p><p><span class=\"\" title=\"\">\u00a0<\/span><\/p><p><span class=\"\" title=\"\"><span class=\"tlid-translation translation\" lang=\"en\"><span class=\"\" title=\"\">In our <a href=\"https:\/\/europakonferenz.eu\/mediathek\/\">Mediathek<\/a> you will find photos of past European conferences as well as videos of the speeches.<\/span><\/span><\/span><\/p><div>\u00a0<\/div><div>\u00a0<\/div><div>\u00a0<\/div>\t\t\t\t\t<\/div>\n\t\t\t\t\t\t<\/div>\n\t\t\t\t<\/div>\n\t\t\t\t\t\t<\/div>\n\t\t\t\t\t<\/div>\n\t\t<\/div>\n\t\t\t\t\t\t\t\t<\/div>\n\t\t\t\t\t<\/div>\n\t\t<\/section>\n\t\t\t\t<section class=\"elementor-section elementor-top-section elementor-element elementor-element-fd25be2 elementor-section-boxed elementor-section-height-default elementor-section-height-default\" data-id=\"fd25be2\" data-element_type=\"section\">\n\t\t\t\t\t\t<div class=\"elementor-container elementor-column-gap-default\">\n\t\t\t\t\t\t\t<div class=\"elementor-row\">\n\t\t\t\t\t<div class=\"elementor-column elementor-col-50 elementor-top-column elementor-element elementor-element-33bd0b7\" data-id=\"33bd0b7\" data-element_type=\"column\">\n\t\t\t<div class=\"elementor-column-wrap elementor-element-populated\">\n\t\t\t\t\t\t\t<div class=\"elementor-widget-wrap\">\n\t\t\t\t\t\t<div class=\"elementor-element elementor-element-5c45957 elementor-widget elementor-widget-text-editor\" data-id=\"5c45957\" data-element_type=\"widget\" data-widget_type=\"text-editor.default\">\n\t\t\t\t<div class=\"elementor-widget-container\">\n\t\t\t\t\t\t\t\t<div class=\"elementor-text-editor elementor-clearfix\">\n\t\t\t\t<h2>Sixth Munich European Conference<\/h2><p><strong>February 13, 2020<\/strong><\/p><p><strong><span class=\"tlid-translation translation\" lang=\"en\"><span class=\"\" title=\"\">&#8220;Responsibility for Europe &#8211; New Ideas, New Minds&#8221;<\/span><\/span><\/strong><\/p><p><span class=\"tlid-translation translation\" lang=\"en\"><span class=\"\" title=\"\">On February 13, 2020, on the eve of the Munich Security Conference, the sixth Munich European Conference with the annual European Dinner will take place.<\/span><\/span><\/p><p><span title=\"\">A lot has happened in Europe since the 2019 European elections.<\/span> <span class=\"\" title=\"\">The conference theme <strong>&#8220;Responsibility for Europe &#8211; New Ideas, New Minds&#8221;<\/strong> will address current developments in order to keep the fundamentals of European integration in mind and to show ways for future developments in a Europe of diversity.<\/span><\/p><p><span class=\"\" title=\"\">The <strong>Vice President of the European Commission, H.E.\u00a0<b> Maro\u0161 \u0160ef\u010dovi\u010d<\/b><\/strong> and <strong>Manfred Weber MdEP<\/strong><\/span><span class=\"\" title=\"\">, <span class=\"member-text span8\">Chairman of the EPP Group in the European Parliament,<\/span> share their thoughts and approaches on developments in Europe with us.<\/span><\/p>\t\t\t\t\t<\/div>\n\t\t\t\t\t\t<\/div>\n\t\t\t\t<\/div>\n\t\t\t\t\t\t<\/div>\n\t\t\t\t\t<\/div>\n\t\t<\/div>\n\t\t\t\t<div class=\"elementor-column elementor-col-50 elementor-top-column elementor-element elementor-element-e44942e\" data-id=\"e44942e\" data-element_type=\"column\">\n\t\t\t<div class=\"elementor-column-wrap elementor-element-populated\">\n\t\t\t\t\t\t\t<div class=\"elementor-widget-wrap\">\n\t\t\t\t\t\t<div class=\"elementor-element elementor-element-ffb4819 elementor-widget elementor-widget-text-editor\" data-id=\"ffb4819\" data-element_type=\"widget\" data-widget_type=\"text-editor.default\">\n\t\t\t\t<div class=\"elementor-widget-container\">\n\t\t\t\t\t\t\t\t<div class=\"elementor-text-editor elementor-clearfix\">\n\t\t\t\t<p><img decoding=\"async\" title=\"MSC 2019 \u2013 \u201eEuropa wirkt \u2013 Europe works\u201c, M\u00fcnchner Europa Konferenz (MEK)\" src=\"https:\/\/europakonferenz.eu\/wp-content\/uploads\/elementor\/thumbs\/MEK-2019-MSC_Lukas-Barth_LB1_7210-o3r17abc9ahakci6n4jm8rfhmvbwmlr9cizt6xrog8.jpg\" alt=\"190214, MSC, Munich Security Conference, Hotel Vier Jahreszeiten: \" \/><\/p><h2>Fifth Munich European Conference<\/h2><p><strong>February 14th, 2019<\/strong><\/p><p><strong>Theme: \u201eEurope works \u2013 Europa wird\u201c<\/strong><\/p><p>On the eve of the Munich Security Conference, the fifth Munich European Conference with the annual European Dinner took place on February 14, 2019.<\/p><p>This forum of the Munich European Conference with the theme\u00a0<span id=\"gid_0\" title=\"strong\" data-toggle=\"tooltip\" data-placement=\"bottom\" data-custom-class=\"tooltip_6fe6bd\" data-toggle-title=\"strong\">\u201cEurope works \u2013 Europe wird\u201d<\/span>\u00a0had the aim of analysing current developments, keeping the foundations of European integration in mind and showing ways for future developments in Europe.<\/p><p>In our\u00a0<span id=\"gid_0\" title=\"a\" data-toggle=\"tooltip\" data-placement=\"bottom\" data-custom-class=\"tooltip_6fe6bd\" data-toggle-title=\"a\">media library<\/span>\u00a0you will find photos of the fifth Munich European conference as well as videos of the speeches of I.E<span id=\"gid_1\" title=\"strong\" data-toggle=\"tooltip\" data-placement=\"bottom\" data-custom-class=\"tooltip_edb1ff\" data-toggle-title=\"strong\">. Mme. Christine Lagarde<\/span>\u00a0(Managing Director International Monetary Fund\/IMF),\u00a0<span id=\"gid_2\" title=\"strong\" data-toggle=\"tooltip\" data-placement=\"bottom\" data-custom-class=\"tooltip_ffc287\" data-toggle-title=\"strong\">Kyriakos Mitsotakis<\/span>\u00a0(Chairman of New Democracy) and Mrs.\u00a0<span id=\"gid_3\" title=\"strong\" data-toggle=\"tooltip\" data-placement=\"bottom\" data-custom-class=\"tooltip_a6cee3\" data-toggle-title=\"strong\">Annegret Kramp-Karrenbauer (<\/span>\u00a0Federal Chairman of the CDU), among others.<\/p><p><img loading=\"lazy\" decoding=\"async\" src=\"https:\/\/europakonferenz.eu\/wp-content\/uploads\/2018\/12\/fotogal_img_21_1.jpg\" sizes=\"auto, 100vw\" srcset=\"https:\/\/europakonferenz.eu\/wp-content\/uploads\/2018\/12\/fotogal_img_21_1.jpg 2028w, https:\/\/europakonferenz.eu\/wp-content\/uploads\/2018\/12\/fotogal_img_21_1-250x122.jpg 250w, https:\/\/europakonferenz.eu\/wp-content\/uploads\/2018\/12\/fotogal_img_21_1-768x375.jpg 768w, https:\/\/europakonferenz.eu\/wp-content\/uploads\/2018\/12\/fotogal_img_21_1-1024x500.jpg 1024w\" alt=\"\" width=\"2028\" height=\"990\" \/><\/p><h2>Fourth Munich European Conference<\/h2><p><strong>February 15th, 2018<\/strong><\/p><p><strong>Theme: \u201cNew ideas for Europe\u201d (\u201cNeue Ideen f\u00fcr Europa\u201d)<\/strong><\/p><p><strong>Panel discussion<\/strong><\/p><p><u>Discutants:<\/u><\/p><p>Markus Ferber, Member of the European Parliament<\/p><p>Klaus P. Regling, Director of the European Stability Mechanism (ESM)<\/p><p>Dr. Christine Bortenl\u00e4nger, Managing Director of the Deutsches Aktieninstitut<\/p><p>Joe Kaeser, Chairman of Siemens AG<\/p><p><strong>European Dinner at the Hotel Four Seasons<\/strong><\/p><p><u>Speakers:<\/u><\/p><p>Dr. Theo Waigel, Federal Minister of Finance ret.<\/p><p>Dr. Beate Merk, MdL, Bavarian Minister of State for European Affairs and Regional Relations<\/p><p>H.E. Boyko Borissov, Prime Minister of Bulgaria, President of the European Council<\/p><p>Peter Altmaier MdB, Federal Minister of Finance<\/p><p>Fran\u00e7ois Villeroy de Galhau, Governor of the Banque de France<\/p><p>\u00a0<\/p><p>Previous events<\/p><h5><a href=\"https:\/\/europakonferenz.eu\/en\/2017-2\/\">2017<\/a><\/h5><h5><a href=\"https:\/\/europakonferenz.eu\/en\/2016-2\/\">2016<\/a><\/h5><div>\u00a0<\/div><div>\u00a0<\/div>\t\t\t\t\t<\/div>\n\t\t\t\t\t\t<\/div>\n\t\t\t\t<\/div>\n\t\t\t\t\t\t<\/div>\n\t\t\t\t\t<\/div>\n\t\t<\/div>\n\t\t\t\t\t\t\t\t<\/div>\n\t\t\t\t\t<\/div>\n\t\t<\/section>\n\t\t\t\t<section class=\"elementor-section elementor-top-section elementor-element elementor-element-a1df1b7 elementor-section-boxed elementor-section-height-default elementor-section-height-default\" data-id=\"a1df1b7\" data-element_type=\"section\">\n\t\t\t\t\t\t<div class=\"elementor-container elementor-column-gap-default\">\n\t\t\t\t\t\t\t<div class=\"elementor-row\">\n\t\t\t\t\t<div class=\"elementor-column elementor-col-100 elementor-top-column elementor-element elementor-element-57f99bb\" data-id=\"57f99bb\" data-element_type=\"column\">\n\t\t\t<div class=\"elementor-column-wrap\">\n\t\t\t\t\t\t\t<div class=\"elementor-widget-wrap\">\n\t\t\t\t\t\t\t\t<\/div>\n\t\t\t\t\t<\/div>\n\t\t<\/div>\n\t\t\t\t\t\t\t\t<\/div>\n\t\t\t\t\t<\/div>\n\t\t<\/section>\n\t\t\t\t\t\t\t\t\t<\/div>\n\t\t\t<\/div>\n\t\t\t\t\t<\/div>\n\t\t","protected":false},"excerpt":{"rendered":"<p>Ninth Munich European Conference 13th February 2025 Topic: \u201cThe future of the EU in a multipolar world&#8221; On the eve of the Munich Security Conference 2025, the Board of M\u00fcnchner Europakonferenz e.V., in cooperation with Giesecke+Devrient GmbH, cordially invites you to the ninth Munich European Conference. We look forward to your participation and to an &hellip; <\/p>\n<p class=\"link-more\"><a href=\"https:\/\/europakonferenz.eu\/previous\/en\/the-munich-european-conferences\/\" class=\"more-link\">Continue reading<span class=\"screen-reader-text\"> &#8220;The Munich European Conferences&#8221;<\/span><\/a><\/p>\n","protected":false},"author":1,"featured_media":0,"parent":0,"menu_order":0,"comment_status":"closed","ping_status":"closed","template":"","meta":{"inline_featured_image":false,"footnotes":""},"class_list":["post-1286","page","type-page","status-publish","hentry"],"_links":{"self":[{"href":"https:\/\/europakonferenz.eu\/previous\/en\/wp-json\/wp\/v2\/pages\/1286","targetHints":{"allow":["GET"]}}],"collection":[{"href":"https:\/\/europakonferenz.eu\/previous\/en\/wp-json\/wp\/v2\/pages"}],"about":[{"href":"https:\/\/europakonferenz.eu\/previous\/en\/wp-json\/wp\/v2\/types\/page"}],"author":[{"embeddable":true,"href":"https:\/\/europakonferenz.eu\/previous\/en\/wp-json\/wp\/v2\/users\/1"}],"replies":[{"embeddable":true,"href":"https:\/\/europakonferenz.eu\/previous\/en\/wp-json\/wp\/v2\/comments?post=1286"}],"version-history":[{"count":16,"href":"https:\/\/europakonferenz.eu\/previous\/en\/wp-json\/wp\/v2\/pages\/1286\/revisions"}],"predecessor-version":[{"id":2264,"href":"https:\/\/europakonferenz.eu\/previous\/en\/wp-json\/wp\/v2\/pages\/1286\/revisions\/2264"}],"wp:attachment":[{"href":"https:\/\/europakonferenz.eu\/previous\/en\/wp-json\/wp\/v2\/media?parent=1286"}],"curies":[{"name":"wp","href":"https:\/\/api.w.org\/{rel}","templated":true}]}}